{"id":699,"date":"2025-03-03T16:52:09","date_gmt":"2025-03-03T16:52:09","guid":{"rendered":"https:\/\/www.zahradnitechnikakresta.cz\/?page_id=699"},"modified":"2025-03-15T20:20:54","modified_gmt":"2025-03-15T20:20:54","slug":"cast-kloubove-nakladace-2","status":"publish","type":"page","link":"https:\/\/www.zahradnitechnikakresta.cz\/index.php\/cast-kloubove-nakladace-2\/","title":{"rendered":"CAST &#8211; KLOUBOV\u00c9 NAKLADA\u010cE"},"content":{"rendered":"\t\t<div data-elementor-type=\"wp-page\" data-elementor-id=\"699\" class=\"elementor elementor-699\">\n\t\t\t\t\t\t<section class=\"elementor-section elementor-top-section elementor-element elementor-element-ee7241c elementor-section-boxed elementor-section-height-default elementor-section-height-default\" data-id=\"ee7241c\" data-element_type=\"section\">\n\t\t\t\t\t\t<div class=\"elementor-container elementor-column-gap-default\">\n\t\t\t\t\t<div class=\"elementor-column elementor-col-100 elementor-top-column elementor-element elementor-element-9c5e252\" data-id=\"9c5e252\" data-element_type=\"column\">\n\t\t\t<div class=\"elementor-widget-wrap\">\n\t\t\t\t\t\t\t<\/div>\n\t\t<\/div>\n\t\t\t\t\t<\/div>\n\t\t<\/section>\n\t\t\t\t<section class=\"elementor-section elementor-top-section elementor-element elementor-element-bf317fd elementor-section-boxed elementor-section-height-default elementor-section-height-default\" data-id=\"bf317fd\" data-element_type=\"section\">\n\t\t\t\t\t\t<div class=\"elementor-container elementor-column-gap-default\">\n\t\t\t\t\t<div class=\"elementor-column elementor-col-50 elementor-top-column elementor-element elementor-element-f3b7a0d\" data-id=\"f3b7a0d\" data-element_type=\"column\">\n\t\t\t<div class=\"elementor-widget-wrap elementor-element-populated\">\n\t\t\t\t\t\t<div class=\"elementor-element elementor-element-7489bc3 elementor-widget__width-initial elementor-widget elementor-widget-image\" data-id=\"7489bc3\" data-element_type=\"widget\" data-widget_type=\"image.default\">\n\t\t\t\t<div class=\"elementor-widget-container\">\n\t\t\t\t\t\t\t\t\t\t\t\t\t\t\t<img decoding=\"async\" src=\"https:\/\/www.zahradnitechnikakresta.cz\/wp-content\/uploads\/2025\/03\/Logo-Cast-Group-1200675.webp\" title=\"Logo-Cast-Group-1200675\" alt=\"Logo-Cast-Group-1200675\" loading=\"lazy\" \/>\t\t\t\t\t\t\t\t\t\t\t\t\t\t\t<\/div>\n\t\t\t\t<\/div>\n\t\t\t\t\t<\/div>\n\t\t<\/div>\n\t\t\t\t<div class=\"elementor-column elementor-col-50 elementor-top-column elementor-element elementor-element-8941df1\" data-id=\"8941df1\" data-element_type=\"column\">\n\t\t\t<div class=\"elementor-widget-wrap elementor-element-populated\">\n\t\t\t\t\t\t<div class=\"elementor-element elementor-element-855bbfc elementor-widget elementor-widget-text-editor\" data-id=\"855bbfc\" data-element_type=\"widget\" data-widget_type=\"text-editor.default\">\n\t\t\t\t<div class=\"elementor-widget-container\">\n\t\t\t\t\t\t\t\t\t<p>Kompaktn\u00ed kloubov\u00e9 naklada\u010de CAST Loaders d\u00edky pohonn\u00fdm hydromotor\u016fm aktivn\u011b zaji\u0161\u0165uj\u00ed vynikaj\u00edc\u00ed kompromis mezi ekonomikou a p\u0159enesen\u00fdm v\u00fdkonem trakce za v\u0161ech nep\u0159\u00edzniv\u00fdch podm\u00ednek ter\u00e9nu.<br \/>D\u00edky hydraulick\u00e9 s\u00edle a st\u00e1le aktivn\u00ed hydrostatick\u00e9 p\u0159evodovce jsou naklada\u010de CAST Loaders \u0161iroce vyu\u017e\u00edv\u00e1ny v mnoha oblastech, jako je zahradnictv\u00ed, ve\u0159ejn\u00e1 a soukrom\u00e1 \u00fadr\u017eba p\u016fdy, stavebnictv\u00ed, zem\u011bd\u011blstv\u00ed, \u0161kolka\u0159stv\u00ed, \u00a0ve st\u00e1j\u00edch a tak\u00e9 v \u017eivo\u010di\u0161n\u00e9 v\u00fdrob\u011b.<\/p>\t\t\t\t\t\t\t\t<\/div>\n\t\t\t\t<\/div>\n\t\t\t\t\t<\/div>\n\t\t<\/div>\n\t\t\t\t\t<\/div>\n\t\t<\/section>\n\t\t\t\t<section class=\"elementor-section elementor-top-section elementor-element elementor-element-cad7660 elementor-section-boxed elementor-section-height-default elementor-section-height-default\" data-id=\"cad7660\" data-element_type=\"section\">\n\t\t\t\t\t\t<div class=\"elementor-container elementor-column-gap-default\">\n\t\t\t\t\t<div class=\"elementor-column elementor-col-100 elementor-top-column elementor-element elementor-element-55cd063\" data-id=\"55cd063\" data-element_type=\"column\">\n\t\t\t<div class=\"elementor-widget-wrap elementor-element-populated\">\n\t\t\t\t\t\t<div class=\"elementor-element elementor-element-e1f9a4c elementor-widget-divider--view-line_text elementor-widget-divider--separator-type-pattern elementor-widget-divider--no-spacing elementor-widget-divider--element-align-center elementor-widget elementor-widget-divider\" data-id=\"e1f9a4c\" data-element_type=\"widget\" data-widget_type=\"divider.default\">\n\t\t\t\t<div class=\"elementor-widget-container\">\n\t\t\t\t\t\t\t<div class=\"elementor-divider\" style=\"--divider-pattern-url: url(&quot;data:image\/svg+xml,%3Csvg xmlns=&#039;http:\/\/www.w3.org\/2000\/svg&#039; preserveAspectRatio=&#039;xMidYMid meet&#039; overflow=&#039;visible&#039; height=&#039;100%&#039; viewBox=&#039;0 0 120 26&#039; fill=&#039;black&#039; stroke=&#039;none&#039;%3E%3Cpath d=&#039;M54,1.6V26h-9V2.5L54,1.6z M69,1.6v23.3L60,26V1.6H69z M24,1.6v23.5l-9-0.6V1.6H24z M30,0l9,0.7v24.5h-9V0z M9,2.5v22H0V3.7L9,2.5z M75,1.6l9,0.9v22h-9V1.6z M99,2.7v21.7h-9V3.8L99,2.7z M114,3.8v20.7l-9-0.5V3.8L114,3.8z&#039;\/%3E%3C\/svg%3E&quot;);\">\n\t\t\t<span class=\"elementor-divider-separator\">\n\t\t\t\t\t\t\t<span class=\"elementor-divider__text elementor-divider__element\">\n\t\t\t\tKLOUBOV\u00dd NAKLADA\u010c 28T\t\t\t\t<\/span>\n\t\t\t\t\t\t<\/span>\n\t\t<\/div>\n\t\t\t\t\t\t<\/div>\n\t\t\t\t<\/div>\n\t\t\t\t\t<\/div>\n\t\t<\/div>\n\t\t\t\t\t<\/div>\n\t\t<\/section>\n\t\t\t\t<section class=\"elementor-section elementor-top-section elementor-element elementor-element-7d93630 elementor-section-boxed elementor-section-height-default elementor-section-height-default\" data-id=\"7d93630\" data-element_type=\"section\">\n\t\t\t\t\t\t<div class=\"elementor-container elementor-column-gap-default\">\n\t\t\t\t\t<div class=\"elementor-column elementor-col-100 elementor-top-column elementor-element elementor-element-079438a elementor-invisible\" data-id=\"079438a\" data-element_type=\"column\" data-settings=\"{&quot;animation&quot;:&quot;fadeIn&quot;}\">\n\t\t\t<div class=\"elementor-widget-wrap elementor-element-populated\">\n\t\t\t\t\t\t<div class=\"elementor-element elementor-element-5d38e44 elementor-invisible elementor-widget elementor-widget-image-gallery\" data-id=\"5d38e44\" data-element_type=\"widget\" data-settings=\"{&quot;_animation&quot;:&quot;fadeIn&quot;}\" data-widget_type=\"image-gallery.default\">\n\t\t\t\t<div class=\"elementor-widget-container\">\n\t\t\t\t\t\t\t<div class=\"elementor-image-gallery\">\n\t\t\t<div id='gallery-1' class='gallery galleryid-699 gallery-columns-4 gallery-size-ashe-list-thumbnail'><figure class='gallery-item'>\n\t\t\t<div class='gallery-icon landscape'>\n\t\t\t\t<a data-elementor-open-lightbox=\"yes\" data-elementor-lightbox-slideshow=\"5d38e44\" data-elementor-lightbox-title=\"30T-LATERALE-MAGAZZINO\" data-e-action-hash=\"#elementor-action%3Aaction%3Dlightbox%26settings%3DeyJpZCI6Njg1LCJ1cmwiOiJodHRwczpcL1wvd3d3LnphaHJhZG5pdGVjaG5pa2FrcmVzdGEuY3pcL3dwLWNvbnRlbnRcL3VwbG9hZHNcLzIwMjVcLzAzXC8zMFQtTEFURVJBTEUtTUFHQVpaSU5PLmpwZyIsInNsaWRlc2hvdyI6IjVkMzhlNDQifQ%3D%3D\" href='https:\/\/www.zahradnitechnikakresta.cz\/wp-content\/uploads\/2025\/03\/30T-LATERALE-MAGAZZINO.jpg'><img fetchpriority=\"high\" decoding=\"async\" width=\"300\" height=\"300\" src=\"https:\/\/www.zahradnitechnikakresta.cz\/wp-content\/uploads\/2025\/03\/30T-LATERALE-MAGAZZINO-300x300.jpg\" class=\"attachment-ashe-list-thumbnail size-ashe-list-thumbnail\" alt=\"\" srcset=\"https:\/\/www.zahradnitechnikakresta.cz\/wp-content\/uploads\/2025\/03\/30T-LATERALE-MAGAZZINO-300x300.jpg 300w, https:\/\/www.zahradnitechnikakresta.cz\/wp-content\/uploads\/2025\/03\/30T-LATERALE-MAGAZZINO-150x150.jpg 150w, https:\/\/www.zahradnitechnikakresta.cz\/wp-content\/uploads\/2025\/03\/30T-LATERALE-MAGAZZINO-75x75.jpg 75w\" sizes=\"(max-width: 300px) 100vw, 300px\" \/><\/a>\n\t\t\t<\/div><\/figure><figure class='gallery-item'>\n\t\t\t<div class='gallery-icon landscape'>\n\t\t\t\t<a data-elementor-open-lightbox=\"yes\" data-elementor-lightbox-slideshow=\"5d38e44\" data-elementor-lightbox-title=\"diagonale_posteriore_dx_28T\" data-e-action-hash=\"#elementor-action%3Aaction%3Dlightbox%26settings%3DeyJpZCI6Njg2LCJ1cmwiOiJodHRwczpcL1wvd3d3LnphaHJhZG5pdGVjaG5pa2FrcmVzdGEuY3pcL3dwLWNvbnRlbnRcL3VwbG9hZHNcLzIwMjVcLzAzXC9kaWFnb25hbGVfcG9zdGVyaW9yZV9keF8yOFQuanBnIiwic2xpZGVzaG93IjoiNWQzOGU0NCJ9\" href='https:\/\/www.zahradnitechnikakresta.cz\/wp-content\/uploads\/2025\/03\/diagonale_posteriore_dx_28T.jpg'><img decoding=\"async\" width=\"300\" height=\"300\" src=\"https:\/\/www.zahradnitechnikakresta.cz\/wp-content\/uploads\/2025\/03\/diagonale_posteriore_dx_28T-300x300.jpg\" class=\"attachment-ashe-list-thumbnail size-ashe-list-thumbnail\" alt=\"\" srcset=\"https:\/\/www.zahradnitechnikakresta.cz\/wp-content\/uploads\/2025\/03\/diagonale_posteriore_dx_28T-300x300.jpg 300w, https:\/\/www.zahradnitechnikakresta.cz\/wp-content\/uploads\/2025\/03\/diagonale_posteriore_dx_28T-150x150.jpg 150w, https:\/\/www.zahradnitechnikakresta.cz\/wp-content\/uploads\/2025\/03\/diagonale_posteriore_dx_28T-75x75.jpg 75w\" sizes=\"(max-width: 300px) 100vw, 300px\" \/><\/a>\n\t\t\t<\/div><\/figure><figure class='gallery-item'>\n\t\t\t<div class='gallery-icon landscape'>\n\t\t\t\t<a data-elementor-open-lightbox=\"yes\" data-elementor-lightbox-slideshow=\"5d38e44\" data-elementor-lightbox-title=\"IMG_8547\" data-e-action-hash=\"#elementor-action%3Aaction%3Dlightbox%26settings%3DeyJpZCI6Njg5LCJ1cmwiOiJodHRwczpcL1wvd3d3LnphaHJhZG5pdGVjaG5pa2FrcmVzdGEuY3pcL3dwLWNvbnRlbnRcL3VwbG9hZHNcLzIwMjVcLzAzXC9JTUdfODU0Ny5qcGciLCJzbGlkZXNob3ciOiI1ZDM4ZTQ0In0%3D\" href='https:\/\/www.zahradnitechnikakresta.cz\/wp-content\/uploads\/2025\/03\/IMG_8547.jpg'><img decoding=\"async\" width=\"300\" height=\"300\" src=\"https:\/\/www.zahradnitechnikakresta.cz\/wp-content\/uploads\/2025\/03\/IMG_8547-300x300.jpg\" class=\"attachment-ashe-list-thumbnail size-ashe-list-thumbnail\" alt=\"\" srcset=\"https:\/\/www.zahradnitechnikakresta.cz\/wp-content\/uploads\/2025\/03\/IMG_8547-300x300.jpg 300w, https:\/\/www.zahradnitechnikakresta.cz\/wp-content\/uploads\/2025\/03\/IMG_8547-150x150.jpg 150w, https:\/\/www.zahradnitechnikakresta.cz\/wp-content\/uploads\/2025\/03\/IMG_8547-75x75.jpg 75w\" sizes=\"(max-width: 300px) 100vw, 300px\" \/><\/a>\n\t\t\t<\/div><\/figure><figure class='gallery-item'>\n\t\t\t<div class='gallery-icon landscape'>\n\t\t\t\t<a data-elementor-open-lightbox=\"yes\" data-elementor-lightbox-slideshow=\"5d38e44\" data-elementor-lightbox-title=\"IMG_9579_postoguida-30-copia-scaled\" data-e-action-hash=\"#elementor-action%3Aaction%3Dlightbox%26settings%3DeyJpZCI6NjkwLCJ1cmwiOiJodHRwczpcL1wvd3d3LnphaHJhZG5pdGVjaG5pa2FrcmVzdGEuY3pcL3dwLWNvbnRlbnRcL3VwbG9hZHNcLzIwMjVcLzAzXC9JTUdfOTU3OV9wb3N0b2d1aWRhLTMwLWNvcGlhLXNjYWxlZC0xLmpwZyIsInNsaWRlc2hvdyI6IjVkMzhlNDQifQ%3D%3D\" href='https:\/\/www.zahradnitechnikakresta.cz\/wp-content\/uploads\/2025\/03\/IMG_9579_postoguida-30-copia-scaled-1.jpg'><img loading=\"lazy\" decoding=\"async\" width=\"300\" height=\"300\" src=\"https:\/\/www.zahradnitechnikakresta.cz\/wp-content\/uploads\/2025\/03\/IMG_9579_postoguida-30-copia-scaled-1-300x300.jpg\" class=\"attachment-ashe-list-thumbnail size-ashe-list-thumbnail\" alt=\"\" srcset=\"https:\/\/www.zahradnitechnikakresta.cz\/wp-content\/uploads\/2025\/03\/IMG_9579_postoguida-30-copia-scaled-1-300x300.jpg 300w, https:\/\/www.zahradnitechnikakresta.cz\/wp-content\/uploads\/2025\/03\/IMG_9579_postoguida-30-copia-scaled-1-150x150.jpg 150w, https:\/\/www.zahradnitechnikakresta.cz\/wp-content\/uploads\/2025\/03\/IMG_9579_postoguida-30-copia-scaled-1-75x75.jpg 75w\" sizes=\"(max-width: 300px) 100vw, 300px\" \/><\/a>\n\t\t\t<\/div><\/figure><figure class='gallery-item'>\n\t\t\t<div class='gallery-icon landscape'>\n\t\t\t\t<a data-elementor-open-lightbox=\"yes\" data-elementor-lightbox-slideshow=\"5d38e44\" data-elementor-lightbox-title=\"display-base\" data-e-action-hash=\"#elementor-action%3Aaction%3Dlightbox%26settings%3DeyJpZCI6Njg3LCJ1cmwiOiJodHRwczpcL1wvd3d3LnphaHJhZG5pdGVjaG5pa2FrcmVzdGEuY3pcL3dwLWNvbnRlbnRcL3VwbG9hZHNcLzIwMjVcLzAzXC9kaXNwbGF5LWJhc2UuanBnIiwic2xpZGVzaG93IjoiNWQzOGU0NCJ9\" href='https:\/\/www.zahradnitechnikakresta.cz\/wp-content\/uploads\/2025\/03\/display-base.jpg'><img loading=\"lazy\" decoding=\"async\" width=\"300\" height=\"300\" src=\"https:\/\/www.zahradnitechnikakresta.cz\/wp-content\/uploads\/2025\/03\/display-base-300x300.jpg\" class=\"attachment-ashe-list-thumbnail size-ashe-list-thumbnail\" alt=\"\" srcset=\"https:\/\/www.zahradnitechnikakresta.cz\/wp-content\/uploads\/2025\/03\/display-base-300x300.jpg 300w, https:\/\/www.zahradnitechnikakresta.cz\/wp-content\/uploads\/2025\/03\/display-base-150x150.jpg 150w, https:\/\/www.zahradnitechnikakresta.cz\/wp-content\/uploads\/2025\/03\/display-base-75x75.jpg 75w, https:\/\/www.zahradnitechnikakresta.cz\/wp-content\/uploads\/2025\/03\/display-base.jpg 500w\" sizes=\"(max-width: 300px) 100vw, 300px\" \/><\/a>\n\t\t\t<\/div><\/figure><figure class='gallery-item'>\n\t\t\t<div class='gallery-icon landscape'>\n\t\t\t\t<a data-elementor-open-lightbox=\"yes\" data-elementor-lightbox-slideshow=\"5d38e44\" data-elementor-lightbox-title=\"IMG_5416-scaled\" data-e-action-hash=\"#elementor-action%3Aaction%3Dlightbox%26settings%3DeyJpZCI6Njg4LCJ1cmwiOiJodHRwczpcL1wvd3d3LnphaHJhZG5pdGVjaG5pa2FrcmVzdGEuY3pcL3dwLWNvbnRlbnRcL3VwbG9hZHNcLzIwMjVcLzAzXC9JTUdfNTQxNi1zY2FsZWQtMS5qcGciLCJzbGlkZXNob3ciOiI1ZDM4ZTQ0In0%3D\" href='https:\/\/www.zahradnitechnikakresta.cz\/wp-content\/uploads\/2025\/03\/IMG_5416-scaled-1.jpg'><img loading=\"lazy\" decoding=\"async\" width=\"300\" height=\"300\" src=\"https:\/\/www.zahradnitechnikakresta.cz\/wp-content\/uploads\/2025\/03\/IMG_5416-scaled-1-300x300.jpg\" class=\"attachment-ashe-list-thumbnail size-ashe-list-thumbnail\" alt=\"\" srcset=\"https:\/\/www.zahradnitechnikakresta.cz\/wp-content\/uploads\/2025\/03\/IMG_5416-scaled-1-300x300.jpg 300w, https:\/\/www.zahradnitechnikakresta.cz\/wp-content\/uploads\/2025\/03\/IMG_5416-scaled-1-150x150.jpg 150w, https:\/\/www.zahradnitechnikakresta.cz\/wp-content\/uploads\/2025\/03\/IMG_5416-scaled-1-75x75.jpg 75w\" sizes=\"(max-width: 300px) 100vw, 300px\" \/><\/a>\n\t\t\t<\/div><\/figure>\n\t\t<\/div>\n\t\t<\/div>\n\t\t\t\t\t\t<\/div>\n\t\t\t\t<\/div>\n\t\t\t\t\t<\/div>\n\t\t<\/div>\n\t\t\t\t\t<\/div>\n\t\t<\/section>\n\t\t\t\t<section class=\"elementor-section elementor-top-section elementor-element elementor-element-e60d12a elementor-section-boxed elementor-section-height-default elementor-section-height-default\" data-id=\"e60d12a\" data-element_type=\"section\">\n\t\t\t\t\t\t<div class=\"elementor-container elementor-column-gap-default\">\n\t\t\t\t\t<div class=\"elementor-column elementor-col-100 elementor-top-column elementor-element elementor-element-afda5f4\" data-id=\"afda5f4\" data-element_type=\"column\">\n\t\t\t<div class=\"elementor-widget-wrap elementor-element-populated\">\n\t\t\t\t\t\t<div class=\"elementor-element elementor-element-d20c8d3 elementor-widget-divider--view-line_text elementor-widget-divider--separator-type-pattern elementor-widget-divider--no-spacing elementor-widget-divider--element-align-center elementor-widget elementor-widget-divider\" data-id=\"d20c8d3\" data-element_type=\"widget\" data-widget_type=\"divider.default\">\n\t\t\t\t<div class=\"elementor-widget-container\">\n\t\t\t\t\t\t\t<div class=\"elementor-divider\" style=\"--divider-pattern-url: url(&quot;data:image\/svg+xml,%3Csvg xmlns=&#039;http:\/\/www.w3.org\/2000\/svg&#039; preserveAspectRatio=&#039;xMidYMid meet&#039; overflow=&#039;visible&#039; height=&#039;100%&#039; viewBox=&#039;0 0 120 26&#039; fill=&#039;black&#039; stroke=&#039;none&#039;%3E%3Cpath d=&#039;M54,1.6V26h-9V2.5L54,1.6z M69,1.6v23.3L60,26V1.6H69z M24,1.6v23.5l-9-0.6V1.6H24z M30,0l9,0.7v24.5h-9V0z M9,2.5v22H0V3.7L9,2.5z M75,1.6l9,0.9v22h-9V1.6z M99,2.7v21.7h-9V3.8L99,2.7z M114,3.8v20.7l-9-0.5V3.8L114,3.8z&#039;\/%3E%3C\/svg%3E&quot;);\">\n\t\t\t<span class=\"elementor-divider-separator\">\n\t\t\t\t\t\t\t<span class=\"elementor-divider__text elementor-divider__element\">\n\t\t\t\tKLOUBOV\u00dd NAKLADA\u010c GENESIS 25\t\t\t\t<\/span>\n\t\t\t\t\t\t<\/span>\n\t\t<\/div>\n\t\t\t\t\t\t<\/div>\n\t\t\t\t<\/div>\n\t\t\t\t\t<\/div>\n\t\t<\/div>\n\t\t\t\t\t<\/div>\n\t\t<\/section>\n\t\t\t\t<section class=\"elementor-section elementor-top-section elementor-element elementor-element-a47fe81 elementor-section-boxed elementor-section-height-default elementor-section-height-default\" data-id=\"a47fe81\" data-element_type=\"section\">\n\t\t\t\t\t\t<div class=\"elementor-container elementor-column-gap-default\">\n\t\t\t\t\t<div class=\"elementor-column elementor-col-100 elementor-top-column elementor-element elementor-element-cad806b elementor-invisible\" data-id=\"cad806b\" data-element_type=\"column\" data-settings=\"{&quot;animation&quot;:&quot;fadeIn&quot;}\">\n\t\t\t<div class=\"elementor-widget-wrap elementor-element-populated\">\n\t\t\t\t\t\t<div class=\"elementor-element elementor-element-640bd01 elementor-invisible elementor-widget elementor-widget-image-gallery\" data-id=\"640bd01\" data-element_type=\"widget\" data-settings=\"{&quot;_animation&quot;:&quot;fadeIn&quot;}\" data-widget_type=\"image-gallery.default\">\n\t\t\t\t<div class=\"elementor-widget-container\">\n\t\t\t\t\t\t\t<div class=\"elementor-image-gallery\">\n\t\t\t<div id='gallery-2' class='gallery galleryid-699 gallery-columns-4 gallery-size-ashe-list-thumbnail'><figure class='gallery-item'>\n\t\t\t<div class='gallery-icon landscape'>\n\t\t\t\t<a data-elementor-open-lightbox=\"yes\" data-elementor-lightbox-slideshow=\"640bd01\" data-elementor-lightbox-title=\"GENESIS25HP_SCONTORNATA_DIAG-FRONTALE (1)\" data-e-action-hash=\"#elementor-action%3Aaction%3Dlightbox%26settings%3DeyJpZCI6NjkzLCJ1cmwiOiJodHRwczpcL1wvd3d3LnphaHJhZG5pdGVjaG5pa2FrcmVzdGEuY3pcL3dwLWNvbnRlbnRcL3VwbG9hZHNcLzIwMjVcLzAzXC9HRU5FU0lTMjVIUF9TQ09OVE9STkFUQV9ESUFHLUZST05UQUxFLTEuanBnIiwic2xpZGVzaG93IjoiNjQwYmQwMSJ9\" href='https:\/\/www.zahradnitechnikakresta.cz\/wp-content\/uploads\/2025\/03\/GENESIS25HP_SCONTORNATA_DIAG-FRONTALE-1.jpg'><img loading=\"lazy\" decoding=\"async\" width=\"300\" height=\"300\" src=\"https:\/\/www.zahradnitechnikakresta.cz\/wp-content\/uploads\/2025\/03\/GENESIS25HP_SCONTORNATA_DIAG-FRONTALE-1-300x300.jpg\" class=\"attachment-ashe-list-thumbnail size-ashe-list-thumbnail\" alt=\"\" srcset=\"https:\/\/www.zahradnitechnikakresta.cz\/wp-content\/uploads\/2025\/03\/GENESIS25HP_SCONTORNATA_DIAG-FRONTALE-1-300x300.jpg 300w, https:\/\/www.zahradnitechnikakresta.cz\/wp-content\/uploads\/2025\/03\/GENESIS25HP_SCONTORNATA_DIAG-FRONTALE-1-150x150.jpg 150w, https:\/\/www.zahradnitechnikakresta.cz\/wp-content\/uploads\/2025\/03\/GENESIS25HP_SCONTORNATA_DIAG-FRONTALE-1-75x75.jpg 75w\" sizes=\"(max-width: 300px) 100vw, 300px\" \/><\/a>\n\t\t\t<\/div><\/figure><figure class='gallery-item'>\n\t\t\t<div class='gallery-icon landscape'>\n\t\t\t\t<a data-elementor-open-lightbox=\"yes\" data-elementor-lightbox-slideshow=\"640bd01\" data-elementor-lightbox-title=\"GENESIS25HP_SCONTORNATA_LAT-DESTRA-1\" data-e-action-hash=\"#elementor-action%3Aaction%3Dlightbox%26settings%3DeyJpZCI6Njk0LCJ1cmwiOiJodHRwczpcL1wvd3d3LnphaHJhZG5pdGVjaG5pa2FrcmVzdGEuY3pcL3dwLWNvbnRlbnRcL3VwbG9hZHNcLzIwMjVcLzAzXC9HRU5FU0lTMjVIUF9TQ09OVE9STkFUQV9MQVQtREVTVFJBLTEuanBnIiwic2xpZGVzaG93IjoiNjQwYmQwMSJ9\" href='https:\/\/www.zahradnitechnikakresta.cz\/wp-content\/uploads\/2025\/03\/GENESIS25HP_SCONTORNATA_LAT-DESTRA-1.jpg'><img loading=\"lazy\" decoding=\"async\" width=\"300\" height=\"300\" src=\"https:\/\/www.zahradnitechnikakresta.cz\/wp-content\/uploads\/2025\/03\/GENESIS25HP_SCONTORNATA_LAT-DESTRA-1-300x300.jpg\" class=\"attachment-ashe-list-thumbnail size-ashe-list-thumbnail\" alt=\"\" srcset=\"https:\/\/www.zahradnitechnikakresta.cz\/wp-content\/uploads\/2025\/03\/GENESIS25HP_SCONTORNATA_LAT-DESTRA-1-300x300.jpg 300w, https:\/\/www.zahradnitechnikakresta.cz\/wp-content\/uploads\/2025\/03\/GENESIS25HP_SCONTORNATA_LAT-DESTRA-1-150x150.jpg 150w, https:\/\/www.zahradnitechnikakresta.cz\/wp-content\/uploads\/2025\/03\/GENESIS25HP_SCONTORNATA_LAT-DESTRA-1-75x75.jpg 75w\" sizes=\"(max-width: 300px) 100vw, 300px\" \/><\/a>\n\t\t\t<\/div><\/figure><figure class='gallery-item'>\n\t\t\t<div class='gallery-icon landscape'>\n\t\t\t\t<a data-elementor-open-lightbox=\"yes\" data-elementor-lightbox-slideshow=\"640bd01\" data-elementor-lightbox-title=\"GENESIS25HP_SCONTORNATA_LAT-SINISTRO\" data-e-action-hash=\"#elementor-action%3Aaction%3Dlightbox%26settings%3DeyJpZCI6Njk1LCJ1cmwiOiJodHRwczpcL1wvd3d3LnphaHJhZG5pdGVjaG5pa2FrcmVzdGEuY3pcL3dwLWNvbnRlbnRcL3VwbG9hZHNcLzIwMjVcLzAzXC9HRU5FU0lTMjVIUF9TQ09OVE9STkFUQV9MQVQtU0lOSVNUUk8uanBnIiwic2xpZGVzaG93IjoiNjQwYmQwMSJ9\" href='https:\/\/www.zahradnitechnikakresta.cz\/wp-content\/uploads\/2025\/03\/GENESIS25HP_SCONTORNATA_LAT-SINISTRO.jpg'><img loading=\"lazy\" decoding=\"async\" width=\"300\" height=\"300\" src=\"https:\/\/www.zahradnitechnikakresta.cz\/wp-content\/uploads\/2025\/03\/GENESIS25HP_SCONTORNATA_LAT-SINISTRO-300x300.jpg\" class=\"attachment-ashe-list-thumbnail size-ashe-list-thumbnail\" alt=\"\" srcset=\"https:\/\/www.zahradnitechnikakresta.cz\/wp-content\/uploads\/2025\/03\/GENESIS25HP_SCONTORNATA_LAT-SINISTRO-300x300.jpg 300w, https:\/\/www.zahradnitechnikakresta.cz\/wp-content\/uploads\/2025\/03\/GENESIS25HP_SCONTORNATA_LAT-SINISTRO-150x150.jpg 150w, https:\/\/www.zahradnitechnikakresta.cz\/wp-content\/uploads\/2025\/03\/GENESIS25HP_SCONTORNATA_LAT-SINISTRO-75x75.jpg 75w\" sizes=\"(max-width: 300px) 100vw, 300px\" \/><\/a>\n\t\t\t<\/div><\/figure>\n\t\t<\/div>\n\t\t<\/div>\n\t\t\t\t\t\t<\/div>\n\t\t\t\t<\/div>\n\t\t\t\t\t<\/div>\n\t\t<\/div>\n\t\t\t\t\t<\/div>\n\t\t<\/section>\n\t\t\t\t<\/div>\n\t\t","protected":false},"excerpt":{"rendered":"<p>Kompaktn\u00ed kloubov\u00e9 naklada\u010de CAST Loaders d\u00edky pohonn\u00fdm hydromotor\u016fm aktivn\u011b zaji\u0161\u0165uj\u00ed vynikaj\u00edc\u00ed kompromis mezi ekonomikou a p\u0159enesen\u00fdm v\u00fdkonem trakce za v\u0161ech nep\u0159\u00edzniv\u00fdch podm\u00ednek ter\u00e9nu.D\u00edky hydraulick\u00e9 s\u00edle a st\u00e1le aktivn\u00ed hydrostatick\u00e9 p\u0159evodovce jsou naklada\u010de CAST Loaders \u0161iroce vyu\u017e\u00edv\u00e1ny v mnoha oblastech, jako je zahradnictv\u00ed, ve\u0159ejn\u00e1 a soukrom\u00e1 \u00fadr\u017eba p\u016fdy, stavebnictv\u00ed, zem\u011bd\u011blstv\u00ed, \u0161kolka\u0159stv\u00ed, \u00a0ve st\u00e1j\u00edch a tak\u00e9 v \u017eivo\u010di\u0161n\u00e9 v\u00fdrob\u011b. KLOUBOV\u00dd NAKLADA\u010c 28T KLOUBOV\u00dd NAKLADA\u010c GENESIS 25<\/p>\n","protected":false},"author":1,"featured_media":0,"parent":0,"menu_order":0,"comment_status":"closed","ping_status":"closed","template":"","meta":{"ngg_post_thumbnail":0,"footnotes":""},"class_list":["post-699","page","type-page","status-publish","hentry"],"acf":[],"_links":{"self":[{"href":"https:\/\/www.zahradnitechnikakresta.cz\/index.php\/wp-json\/wp\/v2\/pages\/699","targetHints":{"allow":["GET"]}}],"collection":[{"href":"https:\/\/www.zahradnitechnikakresta.cz\/index.php\/wp-json\/wp\/v2\/pages"}],"about":[{"href":"https:\/\/www.zahradnitechnikakresta.cz\/index.php\/wp-json\/wp\/v2\/types\/page"}],"author":[{"embeddable":true,"href":"https:\/\/www.zahradnitechnikakresta.cz\/index.php\/wp-json\/wp\/v2\/users\/1"}],"replies":[{"embeddable":true,"href":"https:\/\/www.zahradnitechnikakresta.cz\/index.php\/wp-json\/wp\/v2\/comments?post=699"}],"version-history":[{"count":15,"href":"https:\/\/www.zahradnitechnikakresta.cz\/index.php\/wp-json\/wp\/v2\/pages\/699\/revisions"}],"predecessor-version":[{"id":886,"href":"https:\/\/www.zahradnitechnikakresta.cz\/index.php\/wp-json\/wp\/v2\/pages\/699\/revisions\/886"}],"wp:attachment":[{"href":"https:\/\/www.zahradnitechnikakresta.cz\/index.php\/wp-json\/wp\/v2\/media?parent=699"}],"curies":[{"name":"wp","href":"https:\/\/api.w.org\/{rel}","templated":true}]}}